{"id":568,"date":"2019-03-19T19:29:09","date_gmt":"2019-03-19T18:29:09","guid":{"rendered":"http:\/\/350trucs.com\/?page_id=568"},"modified":"2019-10-13T12:39:35","modified_gmt":"2019-10-13T10:39:35","slug":"corrections","status":"publish","type":"page","link":"https:\/\/350trucs.com\/index.php\/corrections\/","title":{"rendered":"Corrections"},"content":{"rendered":"\n<p>Malgr\u00e9 tout le soin apport\u00e9 \u00e0 la r\u00e9daction de l&rsquo;ouvrage, il subsiste quelques erreurs et impr\u00e9cisions qui sont indiqu\u00e9es ci-apr\u00e8s. Quelques paragraphes ont \u00e9galement \u00e9t\u00e9 compl\u00e9t\u00e9s.<\/p>\n\n\n\n<p><strong>N\u00b0 34 &#8211; page 27<\/strong><br>La capture \u00e9cran est une erreur. Elle ne concerne pas le texte et est \u00e0 supprimer.<\/p>\n\n\n\n<p><strong>N\u00b0 53 &#8211; page 33<\/strong><br>Cette possibilit\u00e9 a \u00e9t\u00e9 supprim\u00e9e \u00e0 partir de la version PaintShop Pro 2020. Elle \u00e9tait contr\u00f4l\u00e9e directement par PaintShop Pro et a \u00e9t\u00e9 remplac\u00e9e par une fonctionnalit\u00e9 moins riche pilot\u00e9e maintenant par Windows 10 (limit\u00e9e aux m\u00eames fonctions que l&rsquo;Explorateur de fichiers).<\/p>\n\n\n\n<p><strong> N\u00b0 66 &#8211; page 39<\/strong><br><em>1\u00e8re m\u00e9thode :<\/em><br>Ajouter le point suivant<br>7. <strong>S\u00e9lection \/ Ne rien s\u00e9lectionner<\/strong> (<strong>Ctrl+D<\/strong>)<br><em>2\u00e8me m\u00e9thode : <\/em><br>Ajouter le point suivant<br>9. <strong>S\u00e9lection \/ Ne rien s\u00e9lectionner<\/strong> (<strong>Ctrl+D)<\/strong><\/p>\n\n\n\n<p><strong> N\u00b0 70 &#8211; <\/strong> <strong>page 40<\/strong><br>La phrase commen\u00e7ant par \u00ab\u00a0Ctrl+Z reviendra &#8230;\u00a0\u00bb doit \u00eatre supprim\u00e9e. <\/p>\n\n\n\n<p><strong>N\u00b0 77 &#8211; page 43<\/strong><br>Compl\u00e9ter le point 1 comme ceci :<br>1. <strong>Fichier \/ Enregistrer sous<\/strong>. <strong>Type<\/strong> : choisir JPG. <\/p>\n\n\n\n<p><strong>N\u00b0 109 &#8211; page 54<\/strong> <br>Au point 3, apr\u00e8s <strong>Tol\u00e9rance : 1<\/strong>, <strong>Douceur : 0<\/strong>, ajouter<br>cocher : <strong>Supprimer la plage de couleur<\/strong>. <br><\/p>\n\n\n\n<p><strong>N\u00b0 116 &#8211; page 55<\/strong> <br>Le deuxi\u00e8me paragraphe doit \u00eatre supprim\u00e9 (\u00ab\u00a0Pour pouvoir s\u00e9lectionner &#8230;\/&#8230; enregistrer la couleur.\u00a0\u00bb)<\/p>\n\n\n\n<p><strong>N\u00b0 121 &#8211; page 57<\/strong> <br>Entre le Point 1 et le Point 2, ajouter:<br><strong>Outil Baguette Magique<\/strong> : s\u00e9lectionner la zone blanche \u00e0 traiter<\/p>\n\n\n\n<p><strong>N\u00b0 122 &#8211; page 58<\/strong> <br>Remplacer \u00ab\u00a0Six outils pour &#8230;\u00a0\u00bb par \u00ab\u00a0Huit outils pour &#8230;\u00a0\u00bb<br>et ajouter \u00e0 la fin les deux outils suivants :<br>&#8211; Outil <strong>Pot de Peinture.<\/strong><br>&#8211; Outil <strong>Pinceau<\/strong> en s\u00e9lectionnant le <strong>Mode m\u00e9lange<\/strong> : <strong>Couleur<\/strong><\/p>\n\n\n\n<p><strong>N\u00b0 158 &#8211; page 71<\/strong> <br>&#8211; Au Point 1, remplacer \u00ab\u00a0&#8230; d\u00e9cocher Documents &#8230;\u00a0\u00bb par \u00ab\u00a0&#8230; cocher Documents &#8230;\u00a0\u00bb<br>&#8211; Supprimer les points 2 et 3 car ils ne sont plus n\u00e9cessaires en mode Documents.<\/p>\n\n\n\n<p><strong>N\u00b0 175 &#8211; page 77<\/strong> <br>Ajouter :<br>&#8211; <strong>Outil Rectangle<\/strong> : tracer un fin rectangle.<\/p>\n\n\n\n<p><strong>N\u00b0 184 &#8211; page 82<\/strong> <br>Apr\u00e8s \u00ab\u00a0<strong>Objets\/Convertir en trac\u00e9<\/strong>\u00a0\u00bb ajouter \u00ab\u00a0puis s\u00e9lectionner l&rsquo;outil <strong>Stylo<\/strong>\u00ab\u00a0.<\/p>\n\n\n\n<p><strong>N\u00b0 188 &#8211; page 83<\/strong>  <br>Ajouter apr\u00e8s le Point 2 :<br>\u00ab\u00a0Si l&rsquo;outil de <strong>S\u00e9lection<\/strong> s\u00e9lectionne des objets ou des calques ind\u00e9sirables, basculez vers <strong>Fen\u00eatre\/Documents \u00e0 onglets<\/strong> et commencez \u00e0 tracer le rectangle de d\u00e9limitation en dehors de l&rsquo;image.<br>Une autre m\u00e9thode consiste \u00e0 s\u00e9lectionner les objets dans la <strong>palette Calques<\/strong> avec <strong>Ctrl + clic<\/strong> sur leurs sous-calques.\u00a0\u00bb<\/p>\n\n\n\n<p><strong>N\u00b0 189 &#8211; page 84<\/strong> <br><em>1\u00e8re m\u00e9thode<\/em>, au Point 7 :<br>remplacer \u00ab\u00a0&#8230; donner la m\u00eame valeur \u00e0 &#8230;\u00a0\u00bb par \u00ab\u00a0&#8230; donner la valeur <strong>10<\/strong> \u00e0 &#8230;\u00a0\u00bb<\/p>\n\n\n\n<p><strong>N\u00b0 196 &#8211; page 88<\/strong> <br>Remplacer \u00ab\u00a0S\u00e9lectionner l&rsquo;outil S\u00e9lecteur &#8230;\u00a0\u00bb par \u00ab\u00a0S\u00e9lectionner l&rsquo;<strong>outil Texte<\/strong>&#8230;\u00a0\u00bb<\/p>\n\n\n\n<p><strong>N\u00b0 205 &#8211; page 91<\/strong> <br>Ajouter avant le Point 1 de la <em>1\u00e8re m\u00e9thode<\/em> :<br>\u00ab\u00a0<strong>Convertir <\/strong>le calque de texte en <strong>calque raster<\/strong> (clic-droit sur le calque).<br>Si vous ne souhaitez pas convertir le texte en raster, cr\u00e9ez un <strong>Nouveau calque raster<\/strong> transparent au-dessus du texte et tracez la s\u00e9lection sur ce calque.\u00a0\u00bb<\/p>\n\n\n\n<p><strong>N\u00b0 212 &#8211; page 93<\/strong> <br>&#8211; Ajouter <strong>\u00ab\u00a0PT Dingbats 4<\/strong>\u00a0\u00bb (<strong>Alt+047<\/strong>)<br>&#8211; Au Point 4, ajouter \u00ab\u00a0Dans l&rsquo;image, avec l&rsquo;<strong>outil S\u00e9lecteur<\/strong>, s\u00e9lectionner &#8230;\u00a0\u00bb<\/p>\n\n\n\n<p><strong>N\u00b0 227 &#8211; page 105<\/strong> <br>Remplacer le Point 4 par :<br><strong>\u00ab\u00a0<\/strong>Sous <strong>Nouvelles dimensions<\/strong>, conserver la m\u00eame <strong>Hauteur<\/strong> que <strong>Dimensions d&rsquo;origine<\/strong>.<br>Entrer une <strong>Largeur<\/strong> double de celle de <strong>Dimensions d&rsquo;origine<\/strong>.<br>Sous <strong>Emplacement<\/strong>, cliquer sur la fl\u00e8che centrale lat\u00e9rale gauche. La valeur visible dans le champ <strong>Droite<\/strong> sera la m\u00eame que celle de la <strong>Largeur<\/strong>  des <strong>Dimensions d&rsquo;origine<\/strong>.\u00a0\u00bb<\/p>\n\n\n\n<p><strong>N\u00b0 228 &#8211; page 106<\/strong> <br>Les points 1, 2 et 3 sont inutiles. Commencer au point 4.<br>Remplacer le point 10 par  :<br><strong>Image <\/strong>\/ <strong>Redimensionner<\/strong> \/ onglet <strong>En pourcentage<\/strong>.<br> Cocher <strong>Param\u00e8tres avanc\u00e9s<\/strong> \/ <strong>R\u00e9\u00e9chantillonnage : Optimal<\/strong>.<br> D\u00e9cocher <strong>Conserver la taille d&rsquo;impression d&rsquo;origine<\/strong>.<br> Cocher <strong>Verrouiller les proportions<\/strong>.<br> D\u00e9cocher <strong>Redimensionner tous les calques<\/strong>.<br> Cliquer sur <strong>OK<\/strong>.<\/p>\n\n\n\n<p><strong>N\u00b0 230 &#8211; page 107<\/strong> <br>Au Point 5, apr\u00e8s \u00ab\u00a0&#8230; fl\u00e8che centrale du haut.\u00a0\u00bb ajouter \u00ab\u00a0Cliquer sur <strong>OK<\/strong>.<\/p>\n\n\n\n<p><strong>N\u00b0 232 &#8211; page 108<\/strong> <br>Apr\u00e8s le point 11, ajouter :<br>\u00ab\u00a0Si vous souhaitez annuler la correction appliqu\u00e9e, s\u00e9lectionnez les photos dont il faut annuler la correction. Puis cliquez sur l&rsquo;ic\u00f4ne <strong>Autres options<\/strong> dans l&rsquo;<strong>Organiseur<\/strong>. Ensuite s\u00e9lectionnez <strong>Restaurer l&rsquo;original<\/strong>.\u00a0\u00bb<\/p>\n\n\n\n<p><strong>N\u00b0 255 &#8211; page 128<\/strong> <br>Au Point 5, apr\u00e8s \u00ab\u00a0Cocher <strong>Param\u00e8tres avanc\u00e9s<\/strong>.\u00a0\u00bb ajouter \u00ab\u00a0D\u00e9cocher <strong>Conserver la taille d&rsquo;impression d&rsquo;origine.<\/strong>\u00ab\u00a0<\/p>\n\n\n\n<p><strong>N\u00b0 264 &#8211; page 137<\/strong> <br>Au Point 4, remplacer \u00ab\u00a0Corel_08_022\u00a0\u00bb par \u00ab\u00a0Corel_08_002\u00a0\u00bb<\/p>\n\n\n\n<p><strong>N\u00b0 268 &#8211; page 141<\/strong> <br>&#8211; Au Point 7, apr\u00e8s \u00ab\u00a0&#8230; Taille maximale possible.\u00a0\u00bb ajouter \u00ab\u00a0Ne pas cliquer sur <strong>OK<\/strong>. Vous cliquerez sur <strong>OK<\/strong> apr\u00e8s les r\u00e9glages des trois onglets suivants.\u00a0\u00bb<br>&#8211; Au Point 8, remplacer \u00ab\u00a0<strong>Style et texture<\/strong> : noir\u00a0\u00bb par \u00ab\u00a0<strong>Style et texture<\/strong>: bleu  (<strong>R<\/strong>0<strong> V<\/strong>163 <strong>B<\/strong>215).<br>&#8211; Au Point 15, remplacer \u00ab\u00a0Modifier la s\u00e9lection pour adapter le cercle\u00a0\u00bb par \u00ab\u00a0Modifier la s\u00e9lection avec l&rsquo;outil <strong>S\u00e9lecteur<\/strong> en <strong>Mode <\/strong>: Libre pour adapter le cercle\u00a0\u00bb<\/p>\n\n\n\n<p><strong>N\u00b0 269 &#8211; page 142<\/strong> <br>&#8211; Au Point 1, apr\u00e8s \u00ab\u00a0&#8230; Largeur de ligne : 1.\u00a0\u00bb ajouter \u00ab\u00a0cocher <strong>Cr\u00e9er sur vecteur<\/strong> et <strong>Afficher noeuds<\/strong>.\u00a0\u00bb<br>&#8211; Intervertir les Points 4 et 5.<br>&#8211; Nouveau Point 4 : apr\u00e8s \u00ab\u00a0&#8230; courbes de B\u00e9zier.\u00a0\u00bb ajouter \u00ab\u00a0Cliquer sur un noeud.\u00a0\u00bb<br>&#8211; Nouveau Point 5 : apr\u00e8s \u00ab\u00a0&#8230; l&rsquo;une de l&rsquo;autre.\u00a0\u00bb ajouter \u00ab\u00a0Faire cela pour chaque noeud.\u00a0\u00bb<br>&#8211; Au Point 12, apr\u00e8s \u00ab\u00a0Propri\u00e9t\u00e9s des styles et textures,\u00a0\u00bb ins\u00e9rer \u00ab\u00a0(cliquer sur la couleur d&rsquo;Arri\u00e8re-plan rouge),\u00a0\u00bb<br> &#8211; Sous la capture d&rsquo;\u00e9cran \u00ab\u00a0Propri\u00e9t\u00e9s des styles et textures\u00a0\u00bb ajouter \u00ab\u00a0Ne pas s&rsquo;inqui\u00e9ter si le rouge devient blanc pendant le r\u00e9glage du d\u00e9grad\u00e9. Il s&rsquo;affichera en rouge apr\u00e8s validation.\u00a0\u00bb<\/p>\n\n\n\n<p><strong>N\u00b0 271 &#8211; page 145<\/strong> <br>&#8211; Remplacer la premi\u00e8re partie du Point 4 par ceci :<br>\u00ab\u00a0Si vos images sont d\u00e9j\u00e0 ouvertes sur le plan de travail, cliquer sur l&rsquo;image \u00e0 ins\u00e9rer, cliquer sur le calque d&rsquo;Arri\u00e8re-plan dans sa Palette Calques, maintenir le bouton de souris enfonc\u00e9, glisser le curseur sur l&rsquo;image du mod\u00e8le et d\u00e9poser l&rsquo;image \u00e0 ins\u00e9rer dans un emplacement vide du mod\u00e8le.\u00a0\u00bb<\/p>\n\n\n\n<p><strong>N\u00b0 272 &#8211; page 146<\/strong> <br>A la fin du Point 5, ajouter : \u00ab\u00a0Adapter la valeur d&rsquo;<strong>Echelle<\/strong> si le r\u00e9sultat obtenu au point suivant n&rsquo;est pas satisfaisant (trop petit ou trop grand).\u00a0\u00bb<\/p>\n\n\n\n<p><strong>N\u00b0 273 &#8211; page 147<\/strong> <br>A la fin du Point 4, ajouter : \u00ab\u00a0(utiliser les noeuds lat\u00e9raux).\u00a0\u00bb<\/p>\n\n\n\n<p><strong>N\u00b0 275 &#8211; page 149<\/strong> <br>Au Point 1, remplacer \u00ab\u00a0&#8230; palette <strong>Styles et textures<\/strong>.\u00a0\u00bb par \u00ab\u00a0&#8230; palette <strong>Calques<\/strong>.\u00a0\u00bb<\/p>\n\n\n\n<p><strong>N\u00b0 276 &#8211; page 150<\/strong> <br>Au Point 5, remplacer \u00ab\u00a0&#8230; <strong>Mode m\u00e9lange<\/strong> sur <strong>Eclairci<\/strong>r.\u00a0\u00bb par \u00ab\u00a0&#8230; <strong>Mode m\u00e9lange<\/strong> sur <strong>Ecran<\/strong>.\u00a0\u00bb<\/p>\n\n\n\n<p><strong>N\u00b0 285 &#8211; page 159<\/strong> <br>&#8211; Au Point 5, remplacer \u00ab\u00a0<strong>Rayon<\/strong> : 20.\u00a0\u00bb par \u00ab\u00a0<strong>Rayon<\/strong> : 10.\u00a0\u00bb<br>&#8211; Au point 11, ajouter \u00ab\u00a0<strong>Forme : Rond<\/strong> et d\u00e9cocher <strong>Continu<\/strong>\u00ab\u00a0<br>&#8211; Au Point 13, ajouter \u00ab\u00a0d\u00e9cocher <strong>Continu<\/strong> et <strong>Bord optimal\u00a0\u00bb<\/strong><\/p>\n\n\n\n<p><strong>N\u00b0 288 &#8211; page 163<\/strong> <br>&#8211; Au Point 2, lire \u00ab\u00a0Renommer chaque calque dupliqu\u00e9, l&rsquo;inf\u00e9rieur <strong>&lsquo;Gauche&rsquo;<\/strong> et le sup\u00e9rieur <strong>&lsquo;Droite&rsquo;<\/strong>\u00ab\u00a0.<br>&#8211; Entre le Point 8 et le Point 9, ins\u00e9rer la phrase suivante : \u00ab\u00a0D\u00e9sactiver la visibilit\u00e9 du calque d&rsquo;<strong>Arri\u00e8re-plan<\/strong>. Ceci facilitera le travail d&rsquo;effacement d\u00e9crit au point 9.\u00a0\u00bb<br>&#8211; Au Point 10, lire : \u00ab\u00a0R\u00e9activer la visibilit\u00e9 du calque d&rsquo;<strong>Arri\u00e8re-plan<\/strong> et s\u00e9lectionner l&rsquo;outil <strong>Gomme<\/strong> \u00e0 r\u00e9gler comme suit &#8230;\u00a0\u00bb<\/p>\n\n\n\n<p><strong>N\u00b0 291 &#8211; page 167<\/strong> <br>&#8211; Au Point 6, supprimer \u00ab\u00a0(un cadenas doit appara\u00eetre dans la ligne du calque)\u00a0\u00bb<\/p>\n\n\n\n<p><strong>N\u00b0 294 &#8211; page 171<\/strong> <br>&#8211; Au Point 3, ajouter apr\u00e8s \u00ab\u00a0&#8230; <strong>Anticr\u00e9nalage<\/strong> d\u00e9coch\u00e9, <strong>Style de s\u00e9lection<\/strong> : Normal.\u00a0\u00bb<br>&#8211; Au Point 7, lire \u00ab\u00a0&#8230; <strong>Modifier la s\u00e9lection <\/strong>(\u00e0 d\u00e9cocher pour d\u00e9sactiver la fonction de modification).\u00a0\u00bb<br>&#8211; Au Point 18, lire \u00ab\u00a0&#8230; <strong>Film noir et blanc<\/strong> r\u00e9gl\u00e9 sur les valeurs par d\u00e9faut.<\/p>\n\n\n\n<p><strong>N\u00b0 300 &#8211; page 176<\/strong> <br>&#8211; Au Point 9, ajouter \u00e0 la fin \u00ab\u00a0Si la taille des flocons vous semble trop petite, faire <strong>Image \/ Redimensionner \/ En pourcentage <\/strong>: 200 %, d\u00e9cocher <strong>Redimensionner tous les calques<\/strong>.<\/p>\n\n\n\n<p><strong>N\u00b0 302 &#8211; page 177<\/strong> <br>&#8211; Au Point 10, remplacer \u00ab\u00a0<strong>Edition \/ Inverser<\/strong>\u00a0\u00bb par \u00ab\u00a0<strong>S\u00e9lection \/ Inverser<\/strong>\u00ab\u00a0.<br>&#8211; Au Point 20, lire \u00ab\u00a0&#8230; <strong>Degr\u00e9s : Libre<\/strong> 125 &#8230;\u00a0\u00bb et ajouter \u00e0 la fin \u00ab\u00a0Des gouttes de pluie sont manquante en haut \u00e0 droite et en bas \u00e0 gauche de l&rsquo;image. Nous corrigeons ce d\u00e9faut au point suivant.\u00a0\u00bb<\/p>\n\n\n\n<p><strong>N\u00b0 305 &#8211; page 181<\/strong> <br>&#8211; Au Point 8, remplacer <strong>\u00ab\u00a0Choisir un D\u00e9grad\u00e9 <\/strong>comme couleur de<strong> Premier Plan.<\/strong>\u00a0\u00bb par \u00ab\u00a0Choisir du blanc dans la case de <strong>Premier Plan<\/strong> et du bleu clair dans la case d&rsquo;<strong>Arri\u00e8re-plan<\/strong>. Cliquer dans la case de <strong>Premier Plan <\/strong>pour acc\u00e9der \u00e0 la fen\u00eatre des <strong>Propri\u00e9t\u00e9s <\/strong>et cliquer sur <strong>D\u00e9grad\u00e9<\/strong>. Dans l&rsquo;exemple ci-dessus &#8230;\u00a0\u00bb<\/p>\n\n\n\n<p><strong>N\u00b0 307 &#8211; page 183<\/strong> <br>&#8211; D\u00e9placer le Point 1 apr\u00e8s le Point 3, juste avant le Point 4.<\/p>\n\n\n\n<p><strong>N\u00b0 309 &#8211; page 185<\/strong> <br>&#8211; Point 4, lire \u00ab\u00a0D\u00e9placer les curseurs de couleur aux emplacements suivants ou entrer directement leur valeur dans le champ <strong>Emplacement<\/strong>, \u00e0 droite du champ <strong>Opacit\u00e9<\/strong> : &#8230;\u00a0\u00bb<br>&#8211; 2\u00e8me m\u00e9thode, Point 2, supprimer \u00ab\u00a0Outil <strong>Formes pr\u00e9d\u00e9finies<\/strong> \/\u00a0\u00bb <br>&#8211; 2\u00e8me m\u00e9thode : supprimer le point 20.<br>&#8211; 2\u00e8me m\u00e9thode, ajouter \u00e0 la fin du point 22 : \u00ab\u00a0&#8230; sur l&rsquo;image de destination. Utiliser l&rsquo;outil de <strong>S\u00e9lection <\/strong>en mode <strong>Rectangle<\/strong> pour d\u00e9limiter une zone rectangulaire qui recouvre la moiti\u00e9 inf\u00e9rieure de l&rsquo;arc-en-ciel. Cliquer sur <strong>Edition \/ Effacer<\/strong> pour supprimer la s\u00e9lection et son contenu.<\/p>\n\n\n\n<p><strong>N\u00b0 310 &#8211; page 188<\/strong> <br>&#8211; Point 7, permuter les deux lignes \u00ab\u00a0D\u00e9placer le curseur inf\u00e9rieur &#8230;\u00a0\u00bb et \u00ab\u00a0D\u00e9placer le curseur sup\u00e9rieur &#8230;\u00a0\u00bb. En effet, le curseur inf\u00e9rieur ne peut \u00eatre d\u00e9plac\u00e9 si le sup\u00e9rieur ne l&rsquo;est pas.<\/p>\n\n\n\n<p><strong>N\u00b0 311 &#8211; page 189<\/strong> <br>&#8211; Point 1 , lire \u00ab\u00a0&#8230; <strong>Tol\u00e9rance <\/strong>: 3 \u00e0 20 &#8230;\u00a0\u00bb.<\/p>\n\n\n\n<p><strong>N\u00b0 314 &#8211; page 193<\/strong> <br>&#8211; 1\u00e8re m\u00e9thode, Point 8 :  lire \u00ab\u00a0R\u00e9gler le <strong>Format : PNG<\/strong>. Ce r\u00e9glage doit \u00eatre effectu\u00e9 pour chaque morceau d&rsquo;image. Pour ce faire, cliquer sur l&rsquo;ic\u00f4ne <strong>Outils \/ Fl\u00e8che<\/strong> et cliquer avec le curseur sur  chaque partie d\u00e9limit\u00e9e.\u00a0\u00bb<br>&#8211; 2\u00e8me m\u00e9thode, Point 7, ajouter \u00e0 la fin : \u00ab\u00a0&#8230; R\u00e9duire l&rsquo;image avec l&rsquo;outil <strong>Zoom<\/strong> et agrandir la fen\u00eatre afin d&rsquo;afficher la zone d&rsquo;arri\u00e8re-plan vierge autour de l&rsquo;image.\u00a0\u00bb<br>&#8211; 2\u00e8me m\u00e9thode, Point 9, lire \u00ab\u00a0Tracer le rectangle de s\u00e9lection en commen\u00e7ant \u00e0 l&rsquo;ext\u00e9rieur de l&rsquo;image, dans la zone vide au-del\u00e0 du coin sup\u00e9rieur gauche de l&rsquo;image jusqu&rsquo;aux rep\u00e8res. &#8230;<\/p>\n\n\n\n<p><strong>N\u00b0 316 &#8211; page 196<\/strong> <br>&#8211; Point 1 :  supprimer \u00ab\u00a0<strong>Mode Gestion de photos<\/strong>\u00a0\u00bb et le remplacer par \u00ab\u00a0Afficher l&rsquo;<strong>Organiseur <\/strong>s&rsquo;il n&rsquo;est pas visible \u00e0 l&rsquo;\u00e9cran (Maj+F9)\u00a0\u00bb<\/p>\n\n\n\n<p><strong>N\u00b0 321 &#8211; page 199<\/strong> <br>&#8211; Ajouter \u00e0 la fin du paragraphe :<br>Ouvrir l&rsquo;Explorateur de fichiers de Windows 10.<br>Dans le groupe <strong>Afficher\/masquer<\/strong>, s\u00e9lectionnez la case \u00e0 cocher <strong>Extensions de nom de fichier<\/strong>. <br>Dans l&rsquo;Explorateur de fichier des autres Windows :<br>Onglet Affichage \/ Options \/ Modifier les options des dossiers et de recherche<br>Dans la nouvelle fen\u00eatre \u00ab\u00a0Options des dossiers\u00a0\u00bb, onglet Affichage,  d\u00e9cocher \u00ab\u00a0Masquer les extensions des fichiers dont le type est connu.<\/p>\n","protected":false},"excerpt":{"rendered":"<p>Malgr\u00e9 tout le soin apport\u00e9 \u00e0 la r\u00e9daction de l&rsquo;ouvrage, il subsiste quelques erreurs et impr\u00e9cisions qui sont indiqu\u00e9es ci-apr\u00e8s. Quelques paragraphes ont \u00e9galement \u00e9t\u00e9 compl\u00e9t\u00e9s. N\u00b0 34 &#8211; page 27La capture \u00e9cran est&#46;&#46;&#46;<\/p>\n","protected":false},"author":1,"featured_media":0,"parent":0,"menu_order":0,"comment_status":"closed","ping_status":"closed","template":"","meta":{"footnotes":""},"class_list":["post-568","page","type-page","status-publish","hentry"],"_links":{"self":[{"href":"https:\/\/350trucs.com\/index.php\/wp-json\/wp\/v2\/pages\/568","targetHints":{"allow":["GET"]}}],"collection":[{"href":"https:\/\/350trucs.com\/index.php\/wp-json\/wp\/v2\/pages"}],"about":[{"href":"https:\/\/350trucs.com\/index.php\/wp-json\/wp\/v2\/types\/page"}],"author":[{"embeddable":true,"href":"https:\/\/350trucs.com\/index.php\/wp-json\/wp\/v2\/users\/1"}],"replies":[{"embeddable":true,"href":"https:\/\/350trucs.com\/index.php\/wp-json\/wp\/v2\/comments?post=568"}],"version-history":[{"count":15,"href":"https:\/\/350trucs.com\/index.php\/wp-json\/wp\/v2\/pages\/568\/revisions"}],"predecessor-version":[{"id":719,"href":"https:\/\/350trucs.com\/index.php\/wp-json\/wp\/v2\/pages\/568\/revisions\/719"}],"wp:attachment":[{"href":"https:\/\/350trucs.com\/index.php\/wp-json\/wp\/v2\/media?parent=568"}],"curies":[{"name":"wp","href":"https:\/\/api.w.org\/{rel}","templated":true}]}}