{"id":583,"date":"2019-07-23T23:01:01","date_gmt":"2019-07-23T21:01:01","guid":{"rendered":"http:\/\/350trucs.com\/?page_id=583"},"modified":"2019-07-28T16:10:32","modified_gmt":"2019-07-28T14:10:32","slug":"pages-1-a-40-n-1-71","status":"publish","type":"page","link":"https:\/\/350trucs.com\/index.php\/pages-1-a-40-n-1-71\/","title":{"rendered":"Pages 1 \u00e0 40 (n\u00b0 1 &#8211; 71)"},"content":{"rendered":"\n<p>15. Ancienne palette des Propri\u00e9t\u00e9s des Styles et textures<\/p>\n\n\n\n<div class=\"wp-block-image\"><figure class=\"aligncenter\"><img loading=\"lazy\" decoding=\"async\" width=\"418\" height=\"545\" src=\"http:\/\/350trucs.com\/wp-content\/uploads\/2019\/01\/Style-et-textures-mode-ancien.png\" alt=\"\" class=\"wp-image-9\" srcset=\"https:\/\/350trucs.com\/wp-content\/uploads\/2019\/01\/Style-et-textures-mode-ancien.png 418w, https:\/\/350trucs.com\/wp-content\/uploads\/2019\/01\/Style-et-textures-mode-ancien-400x522.png 400w, https:\/\/350trucs.com\/wp-content\/uploads\/2019\/01\/Style-et-textures-mode-ancien-230x300.png 230w\" sizes=\"auto, (max-width: 418px) 100vw, 418px\" \/><\/figure><\/div>\n\n\n\n<div class=\"wp-block-image\"><figure class=\"aligncenter\"><img loading=\"lazy\" decoding=\"async\" width=\"458\" height=\"554\" src=\"http:\/\/350trucs.com\/wp-content\/uploads\/2019\/01\/Style-et-textures-mode-r\u00e9cent.png\" alt=\"\" class=\"wp-image-10\" srcset=\"https:\/\/350trucs.com\/wp-content\/uploads\/2019\/01\/Style-et-textures-mode-r\u00e9cent.png 458w, https:\/\/350trucs.com\/wp-content\/uploads\/2019\/01\/Style-et-textures-mode-r\u00e9cent-400x484.png 400w, https:\/\/350trucs.com\/wp-content\/uploads\/2019\/01\/Style-et-textures-mode-r\u00e9cent-248x300.png 248w\" sizes=\"auto, (max-width: 458px) 100vw, 458px\" \/><\/figure><\/div>\n\n\n\n<p>17. Remplacer l\u2019affichage de transparence en damier <\/p>\n\n\n\n<div class=\"wp-block-columns has-2-columns is-layout-flex wp-container-core-columns-is-layout-9d6595d7 wp-block-columns-is-layout-flex\">\n<div class=\"wp-block-column is-layout-flow wp-block-column-is-layout-flow\">\n<div class=\"wp-block-image\"><figure class=\"aligncenter\"><img loading=\"lazy\" decoding=\"async\" width=\"305\" height=\"225\" src=\"http:\/\/350trucs.com\/wp-content\/uploads\/2019\/01\/Red-hat-quadri.png\" alt=\"\" class=\"wp-image-12\" srcset=\"https:\/\/350trucs.com\/wp-content\/uploads\/2019\/01\/Red-hat-quadri.png 305w, https:\/\/350trucs.com\/wp-content\/uploads\/2019\/01\/Red-hat-quadri-300x221.png 300w\" sizes=\"auto, (max-width: 305px) 100vw, 305px\" \/><\/figure><\/div>\n<\/div>\n\n\n\n<div class=\"wp-block-column is-layout-flow wp-block-column-is-layout-flow\">\n<div class=\"wp-block-image\"><figure class=\"aligncenter\"><img loading=\"lazy\" decoding=\"async\" width=\"308\" height=\"229\" src=\"http:\/\/350trucs.com\/wp-content\/uploads\/2019\/01\/Red-hat-jaune.png\" alt=\"\" class=\"wp-image-13\" srcset=\"https:\/\/350trucs.com\/wp-content\/uploads\/2019\/01\/Red-hat-jaune.png 308w, https:\/\/350trucs.com\/wp-content\/uploads\/2019\/01\/Red-hat-jaune-300x223.png 300w\" sizes=\"auto, (max-width: 308px) 100vw, 308px\" \/><\/figure><\/div>\n<\/div>\n<\/div>\n\n\n\n<p> 20. Afficher les ic\u00f4nes des sous-menus <\/p>\n\n\n\n<div class=\"wp-block-image\"><figure class=\"aligncenter\"><img loading=\"lazy\" decoding=\"async\" width=\"275\" height=\"344\" src=\"http:\/\/350trucs.com\/wp-content\/uploads\/2019\/01\/Image-et-texte.png\" alt=\"\" class=\"wp-image-15\" srcset=\"https:\/\/350trucs.com\/wp-content\/uploads\/2019\/01\/Image-et-texte.png 275w, https:\/\/350trucs.com\/wp-content\/uploads\/2019\/01\/Image-et-texte-240x300.png 240w\" sizes=\"auto, (max-width: 275px) 100vw, 275px\" \/><\/figure><\/div>\n\n\n\n<p>22. Ajouter une entr\u00e9e dans un menu <\/p>\n\n\n\n<div class=\"wp-block-image\"><figure class=\"aligncenter\"><img loading=\"lazy\" decoding=\"async\" width=\"477\" height=\"412\" src=\"http:\/\/350trucs.com\/wp-content\/uploads\/2019\/01\/R\u00e9initialiser-palette.png\" alt=\"\" class=\"wp-image-17\" srcset=\"https:\/\/350trucs.com\/wp-content\/uploads\/2019\/01\/R\u00e9initialiser-palette.png 477w, https:\/\/350trucs.com\/wp-content\/uploads\/2019\/01\/R\u00e9initialiser-palette-400x345.png 400w, https:\/\/350trucs.com\/wp-content\/uploads\/2019\/01\/R\u00e9initialiser-palette-300x259.png 300w\" sizes=\"auto, (max-width: 477px) 100vw, 477px\" \/><\/figure><\/div>\n\n\n\n<p>38. Cr\u00e9er une barre d\u2019outils personnalis\u00e9e <\/p>\n\n\n\n<div class=\"wp-block-image\"><figure class=\"aligncenter\"><img loading=\"lazy\" decoding=\"async\" width=\"568\" height=\"87\" src=\"http:\/\/350trucs.com\/wp-content\/uploads\/2019\/01\/Barre-Corrections.png\" alt=\"\" class=\"wp-image-19\" srcset=\"https:\/\/350trucs.com\/wp-content\/uploads\/2019\/01\/Barre-Corrections.png 568w, https:\/\/350trucs.com\/wp-content\/uploads\/2019\/01\/Barre-Corrections-400x61.png 400w, https:\/\/350trucs.com\/wp-content\/uploads\/2019\/01\/Barre-Corrections-300x46.png 300w\" sizes=\"auto, (max-width: 568px) 100vw, 568px\" \/><\/figure><\/div>\n\n\n\n<p> 42. D\u00e9formation avec l\u2019outil S\u00e9lecteur <\/p>\n\n\n\n<div class=\"wp-block-image\"><figure class=\"aligncenter\"><img loading=\"lazy\" decoding=\"async\" width=\"600\" height=\"292\" src=\"http:\/\/350trucs.com\/wp-content\/uploads\/2019\/01\/S\u00e9lecteur.png\" alt=\"\" class=\"wp-image-21\" srcset=\"https:\/\/350trucs.com\/wp-content\/uploads\/2019\/01\/S\u00e9lecteur.png 600w, https:\/\/350trucs.com\/wp-content\/uploads\/2019\/01\/S\u00e9lecteur-400x195.png 400w, https:\/\/350trucs.com\/wp-content\/uploads\/2019\/01\/S\u00e9lecteur-300x146.png 300w\" sizes=\"auto, (max-width: 600px) 100vw, 600px\" \/><\/figure><\/div>\n\n\n\n<p> 54. O\u00f9 se trouve la liste des Raccourcis clavier ? <\/p>\n\n\n\n<div class=\"wp-block-image\"><figure class=\"aligncenter\"><img loading=\"lazy\" decoding=\"async\" width=\"506\" height=\"200\" src=\"http:\/\/350trucs.com\/wp-content\/uploads\/2019\/01\/Clavier.png\" alt=\"\" class=\"wp-image-23\" srcset=\"https:\/\/350trucs.com\/wp-content\/uploads\/2019\/01\/Clavier.png 506w, https:\/\/350trucs.com\/wp-content\/uploads\/2019\/01\/Clavier-400x158.png 400w, https:\/\/350trucs.com\/wp-content\/uploads\/2019\/01\/Clavier-300x119.png 300w\" sizes=\"auto, (max-width: 506px) 100vw, 506px\" \/><\/figure><\/div>\n\n\n\n<p> 56. Tracer une grille temporaire <\/p>\n\n\n\n<div class=\"wp-block-image\"><figure class=\"aligncenter\"><img loading=\"lazy\" decoding=\"async\" width=\"557\" height=\"405\" src=\"http:\/\/350trucs.com\/wp-content\/uploads\/2019\/01\/Grille.png\" alt=\"\" class=\"wp-image-25\" srcset=\"https:\/\/350trucs.com\/wp-content\/uploads\/2019\/01\/Grille.png 557w, https:\/\/350trucs.com\/wp-content\/uploads\/2019\/01\/Grille-400x291.png 400w, https:\/\/350trucs.com\/wp-content\/uploads\/2019\/01\/Grille-300x218.png 300w\" sizes=\"auto, (max-width: 557px) 100vw, 557px\" \/><\/figure><\/div>\n\n\n\n<p> 57. Acc\u00e9der rapidement aux r\u00e9glages de la grille <\/p>\n\n\n\n<div class=\"wp-block-image\"><figure class=\"aligncenter\"><img loading=\"lazy\" decoding=\"async\" width=\"278\" height=\"241\" src=\"http:\/\/350trucs.com\/wp-content\/uploads\/2019\/01\/R\u00e9glages-grille.png\" alt=\"\" class=\"wp-image-27\"\/><\/figure><\/div>\n\n\n\n<p> 66. Adoucir les bords d\u2019un objet ou d\u2019une image <\/p>\n","protected":false},"excerpt":{"rendered":"<p>15. Ancienne palette des Propri\u00e9t\u00e9s des Styles et textures 17. Remplacer l\u2019affichage de transparence en damier 20. Afficher les ic\u00f4nes des sous-menus 22. Ajouter une entr\u00e9e dans un menu 38. Cr\u00e9er une barre d\u2019outils&#46;&#46;&#46;<\/p>\n","protected":false},"author":1,"featured_media":0,"parent":0,"menu_order":0,"comment_status":"closed","ping_status":"closed","template":"","meta":{"footnotes":""},"class_list":["post-583","page","type-page","status-publish","hentry"],"_links":{"self":[{"href":"https:\/\/350trucs.com\/index.php\/wp-json\/wp\/v2\/pages\/583","targetHints":{"allow":["GET"]}}],"collection":[{"href":"https:\/\/350trucs.com\/index.php\/wp-json\/wp\/v2\/pages"}],"about":[{"href":"https:\/\/350trucs.com\/index.php\/wp-json\/wp\/v2\/types\/page"}],"author":[{"embeddable":true,"href":"https:\/\/350trucs.com\/index.php\/wp-json\/wp\/v2\/users\/1"}],"replies":[{"embeddable":true,"href":"https:\/\/350trucs.com\/index.php\/wp-json\/wp\/v2\/comments?post=583"}],"version-history":[{"count":7,"href":"https:\/\/350trucs.com\/index.php\/wp-json\/wp\/v2\/pages\/583\/revisions"}],"predecessor-version":[{"id":701,"href":"https:\/\/350trucs.com\/index.php\/wp-json\/wp\/v2\/pages\/583\/revisions\/701"}],"wp:attachment":[{"href":"https:\/\/350trucs.com\/index.php\/wp-json\/wp\/v2\/media?parent=583"}],"curies":[{"name":"wp","href":"https:\/\/api.w.org\/{rel}","templated":true}]}}