{"id":585,"date":"2019-07-23T23:46:02","date_gmt":"2019-07-23T21:46:02","guid":{"rendered":"http:\/\/350trucs.com\/?page_id=585"},"modified":"2019-07-28T16:26:26","modified_gmt":"2019-07-28T14:26:26","slug":"pages-41-a-80-n-72-181","status":"publish","type":"page","link":"https:\/\/350trucs.com\/index.php\/pages-41-a-80-n-72-181\/","title":{"rendered":"Pages 41 \u00e0 80 (n\u00b0 72 &#8211; 181)"},"content":{"rendered":"\n<p>\n\n75. D\u00e9grad\u00e9s : modifier leur couleur au moyen des Courbes\n\n<\/p>\n\n\n\n<div class=\"wp-block-image\"><figure class=\"aligncenter\"><img loading=\"lazy\" decoding=\"async\" width=\"528\" height=\"639\" src=\"http:\/\/350trucs.com\/wp-content\/uploads\/2019\/01\/D\u00e9grad\u00e9-et-courbes.png\" alt=\"\" class=\"wp-image-32\" srcset=\"https:\/\/350trucs.com\/wp-content\/uploads\/2019\/01\/D\u00e9grad\u00e9-et-courbes.png 528w, https:\/\/350trucs.com\/wp-content\/uploads\/2019\/01\/D\u00e9grad\u00e9-et-courbes-400x484.png 400w, https:\/\/350trucs.com\/wp-content\/uploads\/2019\/01\/D\u00e9grad\u00e9-et-courbes-248x300.png 248w\" sizes=\"auto, (max-width: 528px) 100vw, 528px\" \/><\/figure><\/div>\n\n\n\n<p> 94. Espace de travail plus grand <\/p>\n\n\n\n<div class=\"wp-block-image\"><figure class=\"aligncenter\"><img loading=\"lazy\" decoding=\"async\" width=\"313\" height=\"255\" src=\"http:\/\/350trucs.com\/wp-content\/uploads\/2019\/01\/Espace-travail.png\" alt=\"\" class=\"wp-image-34\" srcset=\"https:\/\/350trucs.com\/wp-content\/uploads\/2019\/01\/Espace-travail.png 313w, https:\/\/350trucs.com\/wp-content\/uploads\/2019\/01\/Espace-travail-300x244.png 300w\" sizes=\"auto, (max-width: 313px) 100vw, 313px\" \/><\/figure><\/div>\n\n\n\n<p> 105. Placer la barre d\u2019outils Script dans la barre d\u2019outils standard <\/p>\n\n\n\n<figure class=\"wp-block-image\"><img loading=\"lazy\" decoding=\"async\" width=\"577\" height=\"102\" src=\"http:\/\/350trucs.com\/wp-content\/uploads\/2019\/01\/Scripts.png\" alt=\"\" class=\"wp-image-36\" srcset=\"https:\/\/350trucs.com\/wp-content\/uploads\/2019\/01\/Scripts.png 577w, https:\/\/350trucs.com\/wp-content\/uploads\/2019\/01\/Scripts-400x71.png 400w, https:\/\/350trucs.com\/wp-content\/uploads\/2019\/01\/Scripts-300x53.png 300w\" sizes=\"auto, (max-width: 577px) 100vw, 577px\" \/><\/figure>\n\n\n\n<p> 117. Changer la couleur de plusieurs \u00e9l\u00e9ments en un seul clic <\/p>\n\n\n\n<div class=\"wp-block-columns has-2-columns is-layout-flex wp-container-core-columns-is-layout-9d6595d7 wp-block-columns-is-layout-flex\">\n<div class=\"wp-block-column is-layout-flow wp-block-column-is-layout-flow\">\n<div class=\"wp-block-image\"><figure class=\"aligncenter\"><img loading=\"lazy\" decoding=\"async\" width=\"224\" height=\"225\" src=\"http:\/\/350trucs.com\/wp-content\/uploads\/2019\/01\/Cercles-color\u00e9s.png\" alt=\"\" class=\"wp-image-38\" srcset=\"https:\/\/350trucs.com\/wp-content\/uploads\/2019\/01\/Cercles-color\u00e9s.png 224w, https:\/\/350trucs.com\/wp-content\/uploads\/2019\/01\/Cercles-color\u00e9s-150x150.png 150w, https:\/\/350trucs.com\/wp-content\/uploads\/2019\/01\/Cercles-color\u00e9s-100x100.png 100w\" sizes=\"auto, (max-width: 224px) 100vw, 224px\" \/><\/figure><\/div>\n<\/div>\n\n\n\n<div class=\"wp-block-column is-layout-flow wp-block-column-is-layout-flow\">\n<div class=\"wp-block-image\"><figure class=\"aligncenter\"><img loading=\"lazy\" decoding=\"async\" width=\"225\" height=\"224\" src=\"http:\/\/350trucs.com\/wp-content\/uploads\/2019\/01\/Cercles-rouges.png\" alt=\"\" class=\"wp-image-39\" srcset=\"https:\/\/350trucs.com\/wp-content\/uploads\/2019\/01\/Cercles-rouges.png 225w, https:\/\/350trucs.com\/wp-content\/uploads\/2019\/01\/Cercles-rouges-150x150.png 150w, https:\/\/350trucs.com\/wp-content\/uploads\/2019\/01\/Cercles-rouges-100x100.png 100w\" sizes=\"auto, (max-width: 225px) 100vw, 225px\" \/><\/figure><\/div>\n<\/div>\n<\/div>\n\n\n\n<p> 120. Correction d\u2019aberration chromatique <\/p>\n\n\n\n<div class=\"wp-block-columns has-2-columns is-layout-flex wp-container-core-columns-is-layout-9d6595d7 wp-block-columns-is-layout-flex\">\n<div class=\"wp-block-column is-layout-flow wp-block-column-is-layout-flow\">\n<div class=\"wp-block-image\"><figure class=\"aligncenter\"><img loading=\"lazy\" decoding=\"async\" width=\"419\" height=\"312\" src=\"http:\/\/350trucs.com\/wp-content\/uploads\/2019\/01\/Violet-on.png\" alt=\"\" class=\"wp-image-41\" srcset=\"https:\/\/350trucs.com\/wp-content\/uploads\/2019\/01\/Violet-on.png 419w, https:\/\/350trucs.com\/wp-content\/uploads\/2019\/01\/Violet-on-400x298.png 400w, https:\/\/350trucs.com\/wp-content\/uploads\/2019\/01\/Violet-on-300x223.png 300w\" sizes=\"auto, (max-width: 419px) 100vw, 419px\" \/><\/figure><\/div>\n<\/div>\n\n\n\n<div class=\"wp-block-column is-layout-flow wp-block-column-is-layout-flow\">\n<div class=\"wp-block-image\"><figure class=\"aligncenter\"><img loading=\"lazy\" decoding=\"async\" width=\"420\" height=\"311\" src=\"http:\/\/350trucs.com\/wp-content\/uploads\/2019\/01\/Violet-off.png\" alt=\"\" class=\"wp-image-42\" srcset=\"https:\/\/350trucs.com\/wp-content\/uploads\/2019\/01\/Violet-off.png 420w, https:\/\/350trucs.com\/wp-content\/uploads\/2019\/01\/Violet-off-400x296.png 400w, https:\/\/350trucs.com\/wp-content\/uploads\/2019\/01\/Violet-off-300x222.png 300w\" sizes=\"auto, (max-width: 420px) 100vw, 420px\" \/><\/figure><\/div>\n<\/div>\n<\/div>\n\n\n\n<p> 135. Recadrer au plus serr\u00e9 <\/p>\n\n\n\n<div class=\"wp-block-columns has-2-columns is-layout-flex wp-container-core-columns-is-layout-9d6595d7 wp-block-columns-is-layout-flex\">\n<div class=\"wp-block-column is-layout-flow wp-block-column-is-layout-flow\">\n<div class=\"wp-block-image\"><figure class=\"aligncenter\"><img loading=\"lazy\" decoding=\"async\" width=\"298\" height=\"298\" src=\"http:\/\/350trucs.com\/wp-content\/uploads\/2019\/01\/Poissons.png\" alt=\"\" class=\"wp-image-44\" srcset=\"https:\/\/350trucs.com\/wp-content\/uploads\/2019\/01\/Poissons.png 298w, https:\/\/350trucs.com\/wp-content\/uploads\/2019\/01\/Poissons-150x150.png 150w, https:\/\/350trucs.com\/wp-content\/uploads\/2019\/01\/Poissons-100x100.png 100w, https:\/\/350trucs.com\/wp-content\/uploads\/2019\/01\/Poissons-250x250.png 250w\" sizes=\"auto, (max-width: 298px) 100vw, 298px\" \/><\/figure><\/div>\n<\/div>\n\n\n\n<div class=\"wp-block-column is-layout-flow wp-block-column-is-layout-flow\">\n<div class=\"wp-block-image\"><figure class=\"aligncenter\"><img loading=\"lazy\" decoding=\"async\" width=\"299\" height=\"299\" src=\"http:\/\/350trucs.com\/wp-content\/uploads\/2019\/01\/Poissons-cadr\u00e9s.png\" alt=\"\" class=\"wp-image-45\" srcset=\"https:\/\/350trucs.com\/wp-content\/uploads\/2019\/01\/Poissons-cadr\u00e9s.png 299w, https:\/\/350trucs.com\/wp-content\/uploads\/2019\/01\/Poissons-cadr\u00e9s-150x150.png 150w, https:\/\/350trucs.com\/wp-content\/uploads\/2019\/01\/Poissons-cadr\u00e9s-100x100.png 100w, https:\/\/350trucs.com\/wp-content\/uploads\/2019\/01\/Poissons-cadr\u00e9s-250x250.png 250w\" sizes=\"auto, (max-width: 299px) 100vw, 299px\" \/><\/figure><\/div>\n<\/div>\n<\/div>\n\n\n\n<p> 140. L\u2019outil de S\u00e9lection intelligente est-il b\u00eate ? <\/p>\n\n\n\n<div class=\"wp-block-columns has-2-columns is-layout-flex wp-container-core-columns-is-layout-9d6595d7 wp-block-columns-is-layout-flex\">\n<div class=\"wp-block-column is-layout-flow wp-block-column-is-layout-flow\">\n<div class=\"wp-block-image\"><figure class=\"aligncenter\"><img loading=\"lazy\" decoding=\"async\" width=\"252\" height=\"276\" src=\"http:\/\/350trucs.com\/wp-content\/uploads\/2019\/01\/Houppe-bad.png\" alt=\"\" class=\"wp-image-47\"\/><\/figure><\/div>\n<\/div>\n\n\n\n<div class=\"wp-block-column is-layout-flow wp-block-column-is-layout-flow\">\n<div class=\"wp-block-image\"><figure class=\"aligncenter\"><img loading=\"lazy\" decoding=\"async\" width=\"250\" height=\"278\" src=\"http:\/\/350trucs.com\/wp-content\/uploads\/2019\/01\/Houppe-good.png\" alt=\"\" class=\"wp-image-48\"\/><\/figure><\/div>\n<\/div>\n<\/div>\n\n\n\n<p> 146. Emp\u00eacher le centrage d\u2019une s\u00e9lection <\/p>\n\n\n\n<div class=\"wp-block-columns has-2-columns is-layout-flex wp-container-core-columns-is-layout-9d6595d7 wp-block-columns-is-layout-flex\">\n<div class=\"wp-block-column is-layout-flow wp-block-column-is-layout-flow\">\n<div class=\"wp-block-image\"><figure class=\"aligncenter\"><img loading=\"lazy\" decoding=\"async\" width=\"297\" height=\"297\" src=\"http:\/\/350trucs.com\/wp-content\/uploads\/2019\/01\/Arbres-2.png\" alt=\"\" class=\"wp-image-51\" srcset=\"https:\/\/350trucs.com\/wp-content\/uploads\/2019\/01\/Arbres-2.png 297w, https:\/\/350trucs.com\/wp-content\/uploads\/2019\/01\/Arbres-2-150x150.png 150w, https:\/\/350trucs.com\/wp-content\/uploads\/2019\/01\/Arbres-2-100x100.png 100w, https:\/\/350trucs.com\/wp-content\/uploads\/2019\/01\/Arbres-2-250x250.png 250w\" sizes=\"auto, (max-width: 297px) 100vw, 297px\" \/><\/figure><\/div>\n<\/div>\n\n\n\n<div class=\"wp-block-column is-layout-flow wp-block-column-is-layout-flow\">\n<div class=\"wp-block-image\"><figure class=\"aligncenter\"><img loading=\"lazy\" decoding=\"async\" width=\"296\" height=\"297\" src=\"http:\/\/350trucs.com\/wp-content\/uploads\/2019\/01\/Arbres-1.png\" alt=\"\" class=\"wp-image-50\" srcset=\"https:\/\/350trucs.com\/wp-content\/uploads\/2019\/01\/Arbres-1.png 296w, https:\/\/350trucs.com\/wp-content\/uploads\/2019\/01\/Arbres-1-150x150.png 150w, https:\/\/350trucs.com\/wp-content\/uploads\/2019\/01\/Arbres-1-100x100.png 100w, https:\/\/350trucs.com\/wp-content\/uploads\/2019\/01\/Arbres-1-250x250.png 250w\" sizes=\"auto, (max-width: 296px) 100vw, 296px\" \/><\/figure><\/div>\n<\/div>\n<\/div>\n\n\n\n<p> 170. D\u00e9formation du visage pour caricature <\/p>\n\n\n\n<div class=\"wp-block-image\"><figure class=\"aligncenter\"><img loading=\"lazy\" decoding=\"async\" width=\"495\" height=\"514\" src=\"http:\/\/350trucs.com\/wp-content\/uploads\/2019\/01\/D\u00e9formation-1.png\" alt=\"\" class=\"wp-image-54\" srcset=\"https:\/\/350trucs.com\/wp-content\/uploads\/2019\/01\/D\u00e9formation-1.png 495w, https:\/\/350trucs.com\/wp-content\/uploads\/2019\/01\/D\u00e9formation-1-400x415.png 400w, https:\/\/350trucs.com\/wp-content\/uploads\/2019\/01\/D\u00e9formation-1-289x300.png 289w\" sizes=\"auto, (max-width: 495px) 100vw, 495px\" \/><\/figure><\/div>\n\n\n\n<div class=\"wp-block-image\"><figure class=\"aligncenter\"><img loading=\"lazy\" decoding=\"async\" width=\"495\" height=\"514\" src=\"http:\/\/350trucs.com\/wp-content\/uploads\/2019\/01\/D\u00e9formation-2.png\" alt=\"\" class=\"wp-image-55\" srcset=\"https:\/\/350trucs.com\/wp-content\/uploads\/2019\/01\/D\u00e9formation-2.png 495w, https:\/\/350trucs.com\/wp-content\/uploads\/2019\/01\/D\u00e9formation-2-400x415.png 400w, https:\/\/350trucs.com\/wp-content\/uploads\/2019\/01\/D\u00e9formation-2-289x300.png 289w\" sizes=\"auto, (max-width: 495px) 100vw, 495px\" \/><\/figure><\/div>\n\n\n\n<p> 173. R\u00e9aliser une ligne de diff\u00e9rentes couleurs <\/p>\n\n\n\n<div class=\"wp-block-image\"><figure class=\"aligncenter\"><img loading=\"lazy\" decoding=\"async\" width=\"679\" height=\"259\" src=\"http:\/\/350trucs.com\/wp-content\/uploads\/2019\/01\/Fruits-ligne.png\" alt=\"\" class=\"wp-image-57\" srcset=\"https:\/\/350trucs.com\/wp-content\/uploads\/2019\/01\/Fruits-ligne.png 679w, https:\/\/350trucs.com\/wp-content\/uploads\/2019\/01\/Fruits-ligne-400x153.png 400w, https:\/\/350trucs.com\/wp-content\/uploads\/2019\/01\/Fruits-ligne-300x114.png 300w\" sizes=\"auto, (max-width: 679px) 100vw, 679px\" \/><\/figure><\/div>\n\n\n\n<p> 174. Dessiner une ligne en pointill\u00e9 <\/p>\n\n\n\n<div class=\"wp-block-image\"><figure class=\"aligncenter\"><img loading=\"lazy\" decoding=\"async\" width=\"493\" height=\"295\" src=\"http:\/\/350trucs.com\/wp-content\/uploads\/2019\/01\/Ligne-pointill\u00e9.png\" alt=\"\" class=\"wp-image-60\" srcset=\"https:\/\/350trucs.com\/wp-content\/uploads\/2019\/01\/Ligne-pointill\u00e9.png 493w, https:\/\/350trucs.com\/wp-content\/uploads\/2019\/01\/Ligne-pointill\u00e9-400x239.png 400w, https:\/\/350trucs.com\/wp-content\/uploads\/2019\/01\/Ligne-pointill\u00e9-300x180.png 300w\" sizes=\"auto, (max-width: 493px) 100vw, 493px\" \/><\/figure><\/div>\n\n\n\n<div class=\"wp-block-image\"><figure class=\"aligncenter\"><img loading=\"lazy\" decoding=\"async\" width=\"269\" height=\"167\" src=\"http:\/\/350trucs.com\/wp-content\/uploads\/2019\/01\/Ligne-pointill\u00e9-2.png\" alt=\"\" class=\"wp-image-61\"\/><\/figure><\/div>\n\n\n\n<p> 180. Extraire les images des tubes \u00e0 images <\/p>\n\n\n\n<div class=\"wp-block-image\"><figure class=\"aligncenter\"><img loading=\"lazy\" decoding=\"async\" width=\"510\" height=\"142\" src=\"http:\/\/350trucs.com\/wp-content\/uploads\/2019\/01\/Tube-extraction-1.png\" alt=\"\" class=\"wp-image-63\" srcset=\"https:\/\/350trucs.com\/wp-content\/uploads\/2019\/01\/Tube-extraction-1.png 510w, https:\/\/350trucs.com\/wp-content\/uploads\/2019\/01\/Tube-extraction-1-400x111.png 400w, https:\/\/350trucs.com\/wp-content\/uploads\/2019\/01\/Tube-extraction-1-300x84.png 300w\" sizes=\"auto, (max-width: 510px) 100vw, 510px\" \/><\/figure><\/div>\n\n\n\n<div class=\"wp-block-image\"><figure class=\"aligncenter\"><img loading=\"lazy\" decoding=\"async\" width=\"412\" height=\"303\" src=\"http:\/\/350trucs.com\/wp-content\/uploads\/2019\/01\/Tube-extraction-2.png\" alt=\"\" class=\"wp-image-64\" srcset=\"https:\/\/350trucs.com\/wp-content\/uploads\/2019\/01\/Tube-extraction-2.png 412w, https:\/\/350trucs.com\/wp-content\/uploads\/2019\/01\/Tube-extraction-2-400x294.png 400w, https:\/\/350trucs.com\/wp-content\/uploads\/2019\/01\/Tube-extraction-2-300x221.png 300w\" sizes=\"auto, (max-width: 412px) 100vw, 412px\" \/><\/figure><\/div>\n\n\n\n<div class=\"wp-block-image\"><figure class=\"aligncenter\"><img loading=\"lazy\" decoding=\"async\" width=\"368\" height=\"371\" src=\"http:\/\/350trucs.com\/wp-content\/uploads\/2019\/01\/Tube-extraction-3.png\" alt=\"\" class=\"wp-image-65\" srcset=\"https:\/\/350trucs.com\/wp-content\/uploads\/2019\/01\/Tube-extraction-3.png 368w, https:\/\/350trucs.com\/wp-content\/uploads\/2019\/01\/Tube-extraction-3-150x150.png 150w, https:\/\/350trucs.com\/wp-content\/uploads\/2019\/01\/Tube-extraction-3-298x300.png 298w, https:\/\/350trucs.com\/wp-content\/uploads\/2019\/01\/Tube-extraction-3-100x100.png 100w, https:\/\/350trucs.com\/wp-content\/uploads\/2019\/01\/Tube-extraction-3-350x353.png 350w\" sizes=\"auto, (max-width: 368px) 100vw, 368px\" \/><\/figure><\/div>\n\n\n\n<p> 181. Cr\u00e9er des cat\u00e9gories de tubes \u00e0 images <\/p>\n\n\n\n<div class=\"wp-block-image\"><figure class=\"aligncenter\"><img loading=\"lazy\" decoding=\"async\" width=\"452\" height=\"352\" src=\"http:\/\/350trucs.com\/wp-content\/uploads\/2019\/01\/Tube-cat\u00e9gories-1.png\" alt=\"\" class=\"wp-image-67\" srcset=\"https:\/\/350trucs.com\/wp-content\/uploads\/2019\/01\/Tube-cat\u00e9gories-1.png 452w, https:\/\/350trucs.com\/wp-content\/uploads\/2019\/01\/Tube-cat\u00e9gories-1-400x312.png 400w, https:\/\/350trucs.com\/wp-content\/uploads\/2019\/01\/Tube-cat\u00e9gories-1-300x234.png 300w\" sizes=\"auto, (max-width: 452px) 100vw, 452px\" \/><\/figure><\/div>\n\n\n\n<div class=\"wp-block-columns has-2-columns is-layout-flex wp-container-core-columns-is-layout-9d6595d7 wp-block-columns-is-layout-flex\">\n<div class=\"wp-block-column is-layout-flow wp-block-column-is-layout-flow\">\n<div class=\"wp-block-image\"><figure class=\"aligncenter\"><img loading=\"lazy\" decoding=\"async\" width=\"342\" height=\"199\" src=\"http:\/\/350trucs.com\/wp-content\/uploads\/2019\/01\/Tube-cat\u00e9gories-2.png\" alt=\"\" class=\"wp-image-68\" srcset=\"https:\/\/350trucs.com\/wp-content\/uploads\/2019\/01\/Tube-cat\u00e9gories-2.png 342w, https:\/\/350trucs.com\/wp-content\/uploads\/2019\/01\/Tube-cat\u00e9gories-2-300x175.png 300w\" sizes=\"auto, (max-width: 342px) 100vw, 342px\" \/><\/figure><\/div>\n<\/div>\n\n\n\n<div class=\"wp-block-column is-layout-flow wp-block-column-is-layout-flow\">\n<div class=\"wp-block-image\"><figure class=\"aligncenter\"><img loading=\"lazy\" decoding=\"async\" width=\"265\" height=\"145\" src=\"http:\/\/350trucs.com\/wp-content\/uploads\/2019\/01\/Tube-cat\u00e9gories-3.png\" alt=\"\" class=\"wp-image-69\"\/><\/figure><\/div>\n<\/div>\n<\/div>\n","protected":false},"excerpt":{"rendered":"<p>75. D\u00e9grad\u00e9s : modifier leur couleur au moyen des Courbes 94. Espace de travail plus grand 105. Placer la barre d\u2019outils Script dans la barre d\u2019outils standard 117. Changer la couleur de plusieurs \u00e9l\u00e9ments&#46;&#46;&#46;<\/p>\n","protected":false},"author":1,"featured_media":0,"parent":0,"menu_order":0,"comment_status":"closed","ping_status":"closed","template":"","meta":{"footnotes":""},"class_list":["post-585","page","type-page","status-publish","hentry"],"_links":{"self":[{"href":"https:\/\/350trucs.com\/index.php\/wp-json\/wp\/v2\/pages\/585","targetHints":{"allow":["GET"]}}],"collection":[{"href":"https:\/\/350trucs.com\/index.php\/wp-json\/wp\/v2\/pages"}],"about":[{"href":"https:\/\/350trucs.com\/index.php\/wp-json\/wp\/v2\/types\/page"}],"author":[{"embeddable":true,"href":"https:\/\/350trucs.com\/index.php\/wp-json\/wp\/v2\/users\/1"}],"replies":[{"embeddable":true,"href":"https:\/\/350trucs.com\/index.php\/wp-json\/wp\/v2\/comments?post=585"}],"version-history":[{"count":14,"href":"https:\/\/350trucs.com\/index.php\/wp-json\/wp\/v2\/pages\/585\/revisions"}],"predecessor-version":[{"id":707,"href":"https:\/\/350trucs.com\/index.php\/wp-json\/wp\/v2\/pages\/585\/revisions\/707"}],"wp:attachment":[{"href":"https:\/\/350trucs.com\/index.php\/wp-json\/wp\/v2\/media?parent=585"}],"curies":[{"name":"wp","href":"https:\/\/api.w.org\/{rel}","templated":true}]}}