{"id":669,"date":"2019-07-27T23:58:11","date_gmt":"2019-07-27T21:58:11","guid":{"rendered":"http:\/\/350trucs.com\/?page_id=669"},"modified":"2022-11-29T18:21:55","modified_gmt":"2022-11-29T17:21:55","slug":"contact","status":"publish","type":"page","link":"https:\/\/350trucs.com\/index.php\/contact\/","title":{"rendered":"Contact"},"content":{"rendered":"\n<p>Pour plus d&rsquo;informations :<\/p>\n\n\n\n<p>Jean-Luc ERNST<\/p>\n\n\n\n<p>jeanluc.ernst$gmail.com ($ = @)<\/p>\n\n\n\n<p><\/p>\n\n\n\n<p>L&rsquo;auteur, Jean-Luc Ernst, est familier de PaintShop Pro depuis la version 7.<\/p>\n\n\n\n<p>En tant que photographe, il conna\u00eet parfaitement le programme pour l&rsquo;avoir notamment utilis\u00e9 dans la r\u00e9alisation de multiples retouches de photos pour ses clients.<\/p>\n\n\n\n<p>Il participe depuis de nombreuses ann\u00e9es, en tant que \u00ab\u00a0Private Beta Tester\u00a0\u00bb de Corel, \u00e0 l&rsquo;am\u00e9lioration du logiciel.<\/p>\n","protected":false},"excerpt":{"rendered":"<p>Pour plus d&rsquo;informations : Jean-Luc ERNST jeanluc.ernst$gmail.com ($ = @) L&rsquo;auteur, Jean-Luc Ernst, est familier de PaintShop Pro depuis la version 7. En tant que photographe, il conna\u00eet parfaitement le programme pour l&rsquo;avoir notamment&#46;&#46;&#46;<\/p>\n","protected":false},"author":1,"featured_media":0,"parent":0,"menu_order":0,"comment_status":"closed","ping_status":"closed","template":"","meta":{"footnotes":""},"class_list":["post-669","page","type-page","status-publish","hentry"],"_links":{"self":[{"href":"https:\/\/350trucs.com\/index.php\/wp-json\/wp\/v2\/pages\/669","targetHints":{"allow":["GET"]}}],"collection":[{"href":"https:\/\/350trucs.com\/index.php\/wp-json\/wp\/v2\/pages"}],"about":[{"href":"https:\/\/350trucs.com\/index.php\/wp-json\/wp\/v2\/types\/page"}],"author":[{"embeddable":true,"href":"https:\/\/350trucs.com\/index.php\/wp-json\/wp\/v2\/users\/1"}],"replies":[{"embeddable":true,"href":"https:\/\/350trucs.com\/index.php\/wp-json\/wp\/v2\/comments?post=669"}],"version-history":[{"count":3,"href":"https:\/\/350trucs.com\/index.php\/wp-json\/wp\/v2\/pages\/669\/revisions"}],"predecessor-version":[{"id":722,"href":"https:\/\/350trucs.com\/index.php\/wp-json\/wp\/v2\/pages\/669\/revisions\/722"}],"wp:attachment":[{"href":"https:\/\/350trucs.com\/index.php\/wp-json\/wp\/v2\/media?parent=669"}],"curies":[{"name":"wp","href":"https:\/\/api.w.org\/{rel}","templated":true}]}}